{"id":416,"date":"2024-01-17T13:18:46","date_gmt":"2024-01-17T12:18:46","guid":{"rendered":"https:\/\/cellersblanch.marketingpastor.es\/?page_id=416"},"modified":"2024-01-22T08:38:25","modified_gmt":"2024-01-22T07:38:25","slug":"politiques-de-privacitat","status":"publish","type":"page","link":"https:\/\/cellersblanch.marketingpastor.es\/index.php\/politiques-de-privacitat\/","title":{"rendered":"Pol\u00edtiques de Privacitat"},"content":{"rendered":"\n<h2 class=\"wp-block-heading\"><strong><strong>PROTECCI\u00d3 DE DADES<\/strong><\/strong><\/h2>\n\n\n\n<p>De conformitat amb el que estableix la Llei org\u00e0nica 15\/1999 de Protecci\u00f3 de Dades de Car\u00e0cter Personal (LOPD), MARIA ROSA BLANCH SALESAS informa els usuaris del seu lloc web que les dades personals recaptades per l&#8217;empresa, mitjan\u00e7ant els formularis situats en el seu lloc web, seran introdu\u00efts en un fitxer automatitzat sota la responsabilitat de MARIA ROSA BLANCH SALESAS, amb la finalitat de poder facilitar, agilitzar i complir els compromisos establerts entre totes dues parts.<\/p>\n\n\n\n<p>Aix\u00ed mateix, MARIA ROSA BLANCH SALESAS informa de la possibilitat d&#8217;exercir els drets d&#8217;acc\u00e9s, cancel\u00b7laci\u00f3, rectificaci\u00f3 i oposici\u00f3 mitjan\u00e7ant un escrit a l&#8217;adre\u00e7a: Av. Catalunya, 8, 43812, Puigpelat.<\/p>\n\n\n\n<p>Mentre l&#8217;usuari no comuniqui el contrari a MARIA ROSA BLANCH SALESAS, aquesta entendr\u00e0 que les seves dades no han estat modificats, que l&#8217;usuari es compromet a notificar a MARIA ROSA BLANCH SALESAS qualsevol variaci\u00f3 i que MARIA ROSA BLANCH SALESAS t\u00e9 el consentiment per a utilitzar-los a fi de poder fidelizar la relaci\u00f3 entre les parts.<\/p>\n\n\n\n<h2 class=\"wp-block-heading\"><strong><strong><strong>ACCIONS LEGALS, LEGISLACI\u00d3 APLICABLE I JURISDICCI\u00d3<\/strong><\/strong><\/strong><\/h2>\n\n\n\n<p>MARIA ROSA BLANCH SALESAS es reserva, aix\u00ed mateix, la facultat de presentar les accions civils o penals que consideri oportunes per la utilitzaci\u00f3 indeguda del seu lloc web i continguts o per l&#8217;incompliment de les presents condicions.<\/p>\n\n\n\n<p>La relaci\u00f3 entre l&#8217;usuari i el prestador es regir\u00e0 per la normativa vigent i d&#8217;aplicaci\u00f3 en el territori espanyol. De sorgir qualsevol controv\u00e8rsia les parts podran sotmetre els seus conflictes a arbitratge o acudir a la jurisdicci\u00f3 ordin\u00e0ria complint amb les normes sobre jurisdicci\u00f3 i compet\u00e8ncia sobre aquest tema. MARIA ROSA BLANCH SALESAS t\u00e9 el seu domicili en Puigpelat, Tarragona, Espanya.<\/p>\n","protected":false},"excerpt":{"rendered":"<p>PROTECCI\u00d3 DE DADES De conformitat amb el que estableix la Llei org\u00e0nica 15\/1999 de Protecci\u00f3 de Dades de Car\u00e0cter Personal (LOPD), MARIA ROSA BLANCH SALESAS informa els usuaris del seu lloc web que les dades personals recaptades per l&#8217;empresa, mitjan\u00e7ant els formularis situats en el seu lloc web, seran introdu\u00efts en un fitxer automatitzat sota&hellip;&nbsp;<a href=\"https:\/\/cellersblanch.marketingpastor.es\/index.php\/politiques-de-privacitat\/\" class=\"\" rel=\"bookmark\">Read More &raquo;<span class=\"screen-reader-text\">Pol\u00edtiques de Privacitat<\/span><\/a><\/p>\n","protected":false},"author":1,"featured_media":0,"parent":0,"menu_order":0,"comment_status":"closed","ping_status":"closed","template":"","meta":{"_uag_custom_page_level_css":"","neve_meta_sidebar":"default","neve_meta_container":"contained","neve_meta_enable_content_width":"off","neve_meta_content_width":70,"neve_meta_title_alignment":"","neve_meta_author_avatar":"","neve_post_elements_order":"","neve_meta_disable_header":"off","neve_meta_disable_footer":"","neve_meta_disable_title":"off","footnotes":""},"yoast_head":"<!-- This site is optimized with the Yoast SEO plugin v23.3 - https:\/\/yoast.com\/wordpress\/plugins\/seo\/ -->\n<title>Pol\u00edtiques de Privacitat - Cellers Blanch<\/title>\n<meta name=\"robots\" content=\"index, follow, max-snippet:-1, max-image-preview:large, max-video-preview:-1\" \/>\n<link rel=\"canonical\" href=\"https:\/\/cellersblanch.marketingpastor.es\/index.php\/politiques-de-privacitat\/\" \/>\n<meta property=\"og:locale\" content=\"en_US\" \/>\n<meta property=\"og:type\" content=\"article\" \/>\n<meta property=\"og:title\" content=\"Pol\u00edtiques de Privacitat - Cellers Blanch\" \/>\n<meta property=\"og:description\" content=\"PROTECCI\u00d3 DE DADES De conformitat amb el que estableix la Llei org\u00e0nica 15\/1999 de Protecci\u00f3 de Dades de Car\u00e0cter Personal (LOPD), MARIA ROSA BLANCH SALESAS informa els usuaris del seu lloc web que les dades personals recaptades per l&#8217;empresa, mitjan\u00e7ant els formularis situats en el seu lloc web, seran introdu\u00efts en un fitxer automatitzat sota&hellip;&nbsp;Read More &raquo;Pol\u00edtiques de Privacitat\" \/>\n<meta property=\"og:url\" content=\"https:\/\/cellersblanch.marketingpastor.es\/index.php\/politiques-de-privacitat\/\" \/>\n<meta property=\"og:site_name\" content=\"Cellers Blanch\" \/>\n<meta property=\"article:modified_time\" content=\"2024-01-22T07:38:25+00:00\" \/>\n<meta name=\"twitter:card\" content=\"summary_large_image\" \/>\n<meta name=\"twitter:label1\" content=\"Est. reading time\" \/>\n\t<meta name=\"twitter:data1\" content=\"2 minutes\" \/>\n<script type=\"application\/ld+json\" class=\"yoast-schema-graph\">{\"@context\":\"https:\/\/schema.org\",\"@graph\":[{\"@type\":\"WebPage\",\"@id\":\"https:\/\/cellersblanch.marketingpastor.es\/index.php\/politiques-de-privacitat\/\",\"url\":\"https:\/\/cellersblanch.marketingpastor.es\/index.php\/politiques-de-privacitat\/\",\"name\":\"Pol\u00edtiques de Privacitat - Cellers Blanch\",\"isPartOf\":{\"@id\":\"https:\/\/cellersblanch.marketingpastor.es\/#website\"},\"datePublished\":\"2024-01-17T12:18:46+00:00\",\"dateModified\":\"2024-01-22T07:38:25+00:00\",\"breadcrumb\":{\"@id\":\"https:\/\/cellersblanch.marketingpastor.es\/index.php\/politiques-de-privacitat\/#breadcrumb\"},\"inLanguage\":\"en-US\",\"potentialAction\":[{\"@type\":\"ReadAction\",\"target\":[\"https:\/\/cellersblanch.marketingpastor.es\/index.php\/politiques-de-privacitat\/\"]}]},{\"@type\":\"BreadcrumbList\",\"@id\":\"https:\/\/cellersblanch.marketingpastor.es\/index.php\/politiques-de-privacitat\/#breadcrumb\",\"itemListElement\":[{\"@type\":\"ListItem\",\"position\":1,\"name\":\"Portada\",\"item\":\"https:\/\/cellersblanch.marketingpastor.es\/\"},{\"@type\":\"ListItem\",\"position\":2,\"name\":\"Pol\u00edtiques de Privacitat\"}]},{\"@type\":\"WebSite\",\"@id\":\"https:\/\/cellersblanch.marketingpastor.es\/#website\",\"url\":\"https:\/\/cellersblanch.marketingpastor.es\/\",\"name\":\"Cellers Blanch\",\"description\":\"\",\"publisher\":{\"@id\":\"https:\/\/cellersblanch.marketingpastor.es\/#organization\"},\"potentialAction\":[{\"@type\":\"SearchAction\",\"target\":{\"@type\":\"EntryPoint\",\"urlTemplate\":\"https:\/\/cellersblanch.marketingpastor.es\/?s={search_term_string}\"},\"query-input\":\"required name=search_term_string\"}],\"inLanguage\":\"en-US\"},{\"@type\":\"Organization\",\"@id\":\"https:\/\/cellersblanch.marketingpastor.es\/#organization\",\"name\":\"Cellers Blanch\",\"url\":\"https:\/\/cellersblanch.marketingpastor.es\/\",\"logo\":{\"@type\":\"ImageObject\",\"inLanguage\":\"en-US\",\"@id\":\"https:\/\/cellersblanch.marketingpastor.es\/#\/schema\/logo\/image\/\",\"url\":\"\",\"contentUrl\":\"\",\"caption\":\"Cellers Blanch\"},\"image\":{\"@id\":\"https:\/\/cellersblanch.marketingpastor.es\/#\/schema\/logo\/image\/\"}}]}<\/script>\n<!-- \/ Yoast SEO plugin. -->","yoast_head_json":{"title":"Pol\u00edtiques de Privacitat - Cellers Blanch","robots":{"index":"index","follow":"follow","max-snippet":"max-snippet:-1","max-image-preview":"max-image-preview:large","max-video-preview":"max-video-preview:-1"},"canonical":"https:\/\/cellersblanch.marketingpastor.es\/index.php\/politiques-de-privacitat\/","og_locale":"en_US","og_type":"article","og_title":"Pol\u00edtiques de Privacitat - Cellers Blanch","og_description":"PROTECCI\u00d3 DE DADES De conformitat amb el que estableix la Llei org\u00e0nica 15\/1999 de Protecci\u00f3 de Dades de Car\u00e0cter Personal (LOPD), MARIA ROSA BLANCH SALESAS informa els usuaris del seu lloc web que les dades personals recaptades per l&#8217;empresa, mitjan\u00e7ant els formularis situats en el seu lloc web, seran introdu\u00efts en un fitxer automatitzat sota&hellip;&nbsp;Read More &raquo;Pol\u00edtiques de Privacitat","og_url":"https:\/\/cellersblanch.marketingpastor.es\/index.php\/politiques-de-privacitat\/","og_site_name":"Cellers Blanch","article_modified_time":"2024-01-22T07:38:25+00:00","twitter_card":"summary_large_image","twitter_misc":{"Est. reading time":"2 minutes"},"schema":{"@context":"https:\/\/schema.org","@graph":[{"@type":"WebPage","@id":"https:\/\/cellersblanch.marketingpastor.es\/index.php\/politiques-de-privacitat\/","url":"https:\/\/cellersblanch.marketingpastor.es\/index.php\/politiques-de-privacitat\/","name":"Pol\u00edtiques de Privacitat - Cellers Blanch","isPartOf":{"@id":"https:\/\/cellersblanch.marketingpastor.es\/#website"},"datePublished":"2024-01-17T12:18:46+00:00","dateModified":"2024-01-22T07:38:25+00:00","breadcrumb":{"@id":"https:\/\/cellersblanch.marketingpastor.es\/index.php\/politiques-de-privacitat\/#breadcrumb"},"inLanguage":"en-US","potentialAction":[{"@type":"ReadAction","target":["https:\/\/cellersblanch.marketingpastor.es\/index.php\/politiques-de-privacitat\/"]}]},{"@type":"BreadcrumbList","@id":"https:\/\/cellersblanch.marketingpastor.es\/index.php\/politiques-de-privacitat\/#breadcrumb","itemListElement":[{"@type":"ListItem","position":1,"name":"Portada","item":"https:\/\/cellersblanch.marketingpastor.es\/"},{"@type":"ListItem","position":2,"name":"Pol\u00edtiques de Privacitat"}]},{"@type":"WebSite","@id":"https:\/\/cellersblanch.marketingpastor.es\/#website","url":"https:\/\/cellersblanch.marketingpastor.es\/","name":"Cellers Blanch","description":"","publisher":{"@id":"https:\/\/cellersblanch.marketingpastor.es\/#organization"},"potentialAction":[{"@type":"SearchAction","target":{"@type":"EntryPoint","urlTemplate":"https:\/\/cellersblanch.marketingpastor.es\/?s={search_term_string}"},"query-input":"required name=search_term_string"}],"inLanguage":"en-US"},{"@type":"Organization","@id":"https:\/\/cellersblanch.marketingpastor.es\/#organization","name":"Cellers Blanch","url":"https:\/\/cellersblanch.marketingpastor.es\/","logo":{"@type":"ImageObject","inLanguage":"en-US","@id":"https:\/\/cellersblanch.marketingpastor.es\/#\/schema\/logo\/image\/","url":"","contentUrl":"","caption":"Cellers Blanch"},"image":{"@id":"https:\/\/cellersblanch.marketingpastor.es\/#\/schema\/logo\/image\/"}}]}},"jetpack_sharing_enabled":true,"uagb_featured_image_src":{"full":false,"thumbnail":false,"medium":false,"medium_large":false,"large":false,"1536x1536":false,"2048x2048":false,"neve-blog":false,"woocommerce_thumbnail":false,"woocommerce_single":false,"woocommerce_gallery_thumbnail":false},"uagb_author_info":{"display_name":"pastorpublicidad","author_link":"https:\/\/cellersblanch.marketingpastor.es\/index.php\/author\/pastorpublicidad\/"},"uagb_comment_info":0,"uagb_excerpt":"PROTECCI\u00d3 DE DADES De conformitat amb el que estableix la Llei org\u00e0nica 15\/1999 de Protecci\u00f3 de Dades de Car\u00e0cter Personal (LOPD), MARIA ROSA BLANCH SALESAS informa els usuaris del seu lloc web que les dades personals recaptades per l&#8217;empresa, mitjan\u00e7ant els formularis situats en el seu lloc web, seran introdu\u00efts en un fitxer automatitzat sota&hellip;&nbsp;Read&hellip;","_links":{"self":[{"href":"https:\/\/cellersblanch.marketingpastor.es\/index.php\/wp-json\/wp\/v2\/pages\/416"}],"collection":[{"href":"https:\/\/cellersblanch.marketingpastor.es\/index.php\/wp-json\/wp\/v2\/pages"}],"about":[{"href":"https:\/\/cellersblanch.marketingpastor.es\/index.php\/wp-json\/wp\/v2\/types\/page"}],"author":[{"embeddable":true,"href":"https:\/\/cellersblanch.marketingpastor.es\/index.php\/wp-json\/wp\/v2\/users\/1"}],"replies":[{"embeddable":true,"href":"https:\/\/cellersblanch.marketingpastor.es\/index.php\/wp-json\/wp\/v2\/comments?post=416"}],"version-history":[{"count":5,"href":"https:\/\/cellersblanch.marketingpastor.es\/index.php\/wp-json\/wp\/v2\/pages\/416\/revisions"}],"predecessor-version":[{"id":498,"href":"https:\/\/cellersblanch.marketingpastor.es\/index.php\/wp-json\/wp\/v2\/pages\/416\/revisions\/498"}],"wp:attachment":[{"href":"https:\/\/cellersblanch.marketingpastor.es\/index.php\/wp-json\/wp\/v2\/media?parent=416"}],"curies":[{"name":"wp","href":"https:\/\/api.w.org\/{rel}","templated":true}]}}