{"id":413,"date":"2024-01-17T13:18:24","date_gmt":"2024-01-17T12:18:24","guid":{"rendered":"https:\/\/cellersblanch.marketingpastor.es\/?page_id=413"},"modified":"2024-01-22T08:36:54","modified_gmt":"2024-01-22T07:36:54","slug":"avis-legal","status":"publish","type":"page","link":"https:\/\/cellersblanch.marketingpastor.es\/index.php\/avis-legal\/","title":{"rendered":"Av\u00eds Legal"},"content":{"rendered":"\n<p>En compliment de la Llei 34\/2002, d&#8217;11 de juliol, de Serveis de la Societat de la Informaci\u00f3 i de Comer\u00e7 Electr\u00f2nic (LSSI-CE), MARIA ROSA BLANCH SALESAS informa que \u00e9s titular del lloc web <a href=\"https:\/\/cellersblanch.marketingpastor.es\/\"><strong>https:\/\/cellersblanch.marketingpastor.es\/<\/strong><\/a>. D&#8217;acord amb l&#8217;exig\u00e8ncia de l&#8217;article 10 de la citada Llei, MARIA ROSA BLANCH SALESAS informa de les seg\u00fcents dades:<\/p>\n\n\n\n<p>El titular d&#8217;aquest lloc web \u00e9s MARIA ROSA BLANCH SALESAS., amb CIF: A-43100296 i domicili social en Av. Catalunya, 8, 43812 Puigpelat. L&#8217;adre\u00e7a de correu electr\u00f2nic de contacte amb l&#8217;empresa \u00e9s: <strong><a href=\"https:\/\/cellersblanch.marketingpastor.es\/\">https:\/\/cellersblanch.marketingpastor.es\/<\/a><\/strong><\/p>\n\n\n\n<h2 class=\"wp-block-heading\"><strong>USUARI I R\u00c8GIM DE RESPONSABILITATS<\/strong><\/h2>\n\n\n\n<p>La navegaci\u00f3, acc\u00e9s i \u00fas pel lloc web de MARIA ROSA BLANCH SALESAS  confereix la condici\u00f3 d&#8217;usuari, per la qual s&#8217;accepten, des de la navegaci\u00f3 pel lloc web de MARIA ROSA BLANCH SALESAS, totes les condicions d&#8217;\u00fas aqu\u00ed establertes sense perjudici de l&#8217;aplicaci\u00f3 de la corresponent normativa d&#8217;obligat compliment legal segons el cas.<\/p>\n\n\n\n<p>El lloc web de MARIA ROSA BLANCH SALESAS proporciona gran diversitat d&#8217;informaci\u00f3, serveis i dades. L&#8217;usuari assumeix la seva responsabilitat en l&#8217;\u00fas correcte del lloc web. Aquesta responsabilitat s&#8217;estendr\u00e0 a:<\/p>\n\n\n\n<ul>\n<li>La veracitat i licitud de les informacions aportades per l&#8217;usuari en els formularis estesos MARIA ROSA BLANCH SALESAS per a l&#8217;acc\u00e9s a uns certs continguts o serveis oferts pel web.<\/li>\n\n\n\n<li>L&#8217;\u00fas de la informaci\u00f3, serveis i dades ofertes per MARIA ROSA BLANCH SALESAS contr\u00e0riament al que es disposa per les presents condicions, la Llei, la moral, els bons costums o l&#8217;ordre p\u00fablic, o que de qualsevol altre mode puguin suposar lesi\u00f3 dels drets de tercers o del mateix funcionament del lloc web.<\/li>\n<\/ul>\n\n\n\n<h2 class=\"wp-block-heading\"><strong><strong>POL\u00cdTICA D&#8217;ENLLA\u00c7OS I EXEMPCIONS DE RESPONSABILITAT<\/strong><\/strong><\/h2>\n\n\n\n<p>MARIA ROSA BLANCH SALESAS no es fa responsable del contingut dels llocs web als quals l&#8217;usuari pugui accedir a trav\u00e9s dels enlla\u00e7os establerts en el seu lloc web i declara que en cap cas procedir\u00e0 a examinar o exercitar cap mena de control sobre el contingut d&#8217;altres llocs de la xarxa. Aix\u00ed mateix, tampoc garantir\u00e0 la disponibilitat t\u00e8cnica, exactitud, veracitat, validesa o legalitat de llocs aliens a la seva propietat als quals es pugui accedir per mitj\u00e0 dels enlla\u00e7os.<\/p>\n\n\n\n<p>MARIA ROSA BLANCH SALESAS declara haver adoptat totes les mesures necess\u00e0ries per a evitar qualssevol danys als usuaris del seu lloc web, que poguessin derivar-se de la navegaci\u00f3 pel seu lloc web. En conseq\u00fc\u00e8ncia, MARIA ROSA BLANCH SALESAS no es fa responsable, en cap cas, dels eventuals danys que per la navegaci\u00f3 per Internet pogu\u00e9s sofrir l&#8217;usuari.<\/p>\n\n\n\n<h2 class=\"wp-block-heading\" style=\"font-size:29px\"><strong><strong><strong>MODIFICACIONS<\/strong><\/strong><\/strong><\/h2>\n\n\n\n<p>MARIA ROSA BLANCH SALESAS es reserva el dret a realitzar les modificacions que consideri oportunes, sense av\u00eds previ, en el contingut del seu lloc web. Tant referent als continguts del lloc web, com en les condicions d&#8217;\u00fas d&#8217;aquest, o en les condicions generals de contractaci\u00f3. Aquestes modificacions podran realitzar-se a trav\u00e9s del seu lloc web per qualsevol forma admissible en dret i seran d&#8217;obligat compliment durant el temps en qu\u00e8 es trobin publicades en el web i fins que no siguin modificades v\u00e0lidament per altres posteriors.<\/p>\n\n\n\n<p style=\"font-size:29px\"><\/p>\n","protected":false},"excerpt":{"rendered":"<p>En compliment de la Llei 34\/2002, d&#8217;11 de juliol, de Serveis de la Societat de la Informaci\u00f3 i de Comer\u00e7 Electr\u00f2nic (LSSI-CE), MARIA ROSA BLANCH SALESAS informa que \u00e9s titular del lloc web https:\/\/cellersblanch.marketingpastor.es\/. D&#8217;acord amb l&#8217;exig\u00e8ncia de l&#8217;article 10 de la citada Llei, MARIA ROSA BLANCH SALESAS informa de les seg\u00fcents dades: El titular&hellip;&nbsp;<a href=\"https:\/\/cellersblanch.marketingpastor.es\/index.php\/avis-legal\/\" class=\"\" rel=\"bookmark\">Read More &raquo;<span class=\"screen-reader-text\">Av\u00eds Legal<\/span><\/a><\/p>\n","protected":false},"author":1,"featured_media":0,"parent":0,"menu_order":0,"comment_status":"closed","ping_status":"closed","template":"","meta":{"_uag_custom_page_level_css":"","neve_meta_sidebar":"","neve_meta_container":"contained","neve_meta_enable_content_width":"","neve_meta_content_width":0,"neve_meta_title_alignment":"","neve_meta_author_avatar":"","neve_post_elements_order":"","neve_meta_disable_header":"","neve_meta_disable_footer":"","neve_meta_disable_title":"off","footnotes":""},"yoast_head":"<!-- This site is optimized with the Yoast SEO plugin v23.3 - https:\/\/yoast.com\/wordpress\/plugins\/seo\/ -->\n<title>Av\u00eds Legal - Cellers Blanch<\/title>\n<meta name=\"robots\" content=\"index, follow, max-snippet:-1, max-image-preview:large, max-video-preview:-1\" \/>\n<link rel=\"canonical\" href=\"https:\/\/cellersblanch.marketingpastor.es\/index.php\/avis-legal\/\" \/>\n<meta property=\"og:locale\" content=\"en_US\" \/>\n<meta property=\"og:type\" content=\"article\" \/>\n<meta property=\"og:title\" content=\"Av\u00eds Legal - Cellers Blanch\" \/>\n<meta property=\"og:description\" content=\"En compliment de la Llei 34\/2002, d&#8217;11 de juliol, de Serveis de la Societat de la Informaci\u00f3 i de Comer\u00e7 Electr\u00f2nic (LSSI-CE), MARIA ROSA BLANCH SALESAS informa que \u00e9s titular del lloc web https:\/\/cellersblanch.marketingpastor.es\/. D&#8217;acord amb l&#8217;exig\u00e8ncia de l&#8217;article 10 de la citada Llei, MARIA ROSA BLANCH SALESAS informa de les seg\u00fcents dades: El titular&hellip;&nbsp;Read More &raquo;Av\u00eds Legal\" \/>\n<meta property=\"og:url\" content=\"https:\/\/cellersblanch.marketingpastor.es\/index.php\/avis-legal\/\" \/>\n<meta property=\"og:site_name\" content=\"Cellers Blanch\" \/>\n<meta property=\"article:modified_time\" content=\"2024-01-22T07:36:54+00:00\" \/>\n<meta name=\"twitter:card\" content=\"summary_large_image\" \/>\n<meta name=\"twitter:label1\" content=\"Est. reading time\" \/>\n\t<meta name=\"twitter:data1\" content=\"3 minutes\" \/>\n<script type=\"application\/ld+json\" class=\"yoast-schema-graph\">{\"@context\":\"https:\/\/schema.org\",\"@graph\":[{\"@type\":\"WebPage\",\"@id\":\"https:\/\/cellersblanch.marketingpastor.es\/index.php\/avis-legal\/\",\"url\":\"https:\/\/cellersblanch.marketingpastor.es\/index.php\/avis-legal\/\",\"name\":\"Av\u00eds Legal - Cellers Blanch\",\"isPartOf\":{\"@id\":\"https:\/\/cellersblanch.marketingpastor.es\/#website\"},\"datePublished\":\"2024-01-17T12:18:24+00:00\",\"dateModified\":\"2024-01-22T07:36:54+00:00\",\"breadcrumb\":{\"@id\":\"https:\/\/cellersblanch.marketingpastor.es\/index.php\/avis-legal\/#breadcrumb\"},\"inLanguage\":\"en-US\",\"potentialAction\":[{\"@type\":\"ReadAction\",\"target\":[\"https:\/\/cellersblanch.marketingpastor.es\/index.php\/avis-legal\/\"]}]},{\"@type\":\"BreadcrumbList\",\"@id\":\"https:\/\/cellersblanch.marketingpastor.es\/index.php\/avis-legal\/#breadcrumb\",\"itemListElement\":[{\"@type\":\"ListItem\",\"position\":1,\"name\":\"Portada\",\"item\":\"https:\/\/cellersblanch.marketingpastor.es\/\"},{\"@type\":\"ListItem\",\"position\":2,\"name\":\"Av\u00eds Legal\"}]},{\"@type\":\"WebSite\",\"@id\":\"https:\/\/cellersblanch.marketingpastor.es\/#website\",\"url\":\"https:\/\/cellersblanch.marketingpastor.es\/\",\"name\":\"Cellers Blanch\",\"description\":\"\",\"publisher\":{\"@id\":\"https:\/\/cellersblanch.marketingpastor.es\/#organization\"},\"potentialAction\":[{\"@type\":\"SearchAction\",\"target\":{\"@type\":\"EntryPoint\",\"urlTemplate\":\"https:\/\/cellersblanch.marketingpastor.es\/?s={search_term_string}\"},\"query-input\":\"required name=search_term_string\"}],\"inLanguage\":\"en-US\"},{\"@type\":\"Organization\",\"@id\":\"https:\/\/cellersblanch.marketingpastor.es\/#organization\",\"name\":\"Cellers Blanch\",\"url\":\"https:\/\/cellersblanch.marketingpastor.es\/\",\"logo\":{\"@type\":\"ImageObject\",\"inLanguage\":\"en-US\",\"@id\":\"https:\/\/cellersblanch.marketingpastor.es\/#\/schema\/logo\/image\/\",\"url\":\"\",\"contentUrl\":\"\",\"caption\":\"Cellers Blanch\"},\"image\":{\"@id\":\"https:\/\/cellersblanch.marketingpastor.es\/#\/schema\/logo\/image\/\"}}]}<\/script>\n<!-- \/ Yoast SEO plugin. -->","yoast_head_json":{"title":"Av\u00eds Legal - Cellers Blanch","robots":{"index":"index","follow":"follow","max-snippet":"max-snippet:-1","max-image-preview":"max-image-preview:large","max-video-preview":"max-video-preview:-1"},"canonical":"https:\/\/cellersblanch.marketingpastor.es\/index.php\/avis-legal\/","og_locale":"en_US","og_type":"article","og_title":"Av\u00eds Legal - Cellers Blanch","og_description":"En compliment de la Llei 34\/2002, d&#8217;11 de juliol, de Serveis de la Societat de la Informaci\u00f3 i de Comer\u00e7 Electr\u00f2nic (LSSI-CE), MARIA ROSA BLANCH SALESAS informa que \u00e9s titular del lloc web https:\/\/cellersblanch.marketingpastor.es\/. D&#8217;acord amb l&#8217;exig\u00e8ncia de l&#8217;article 10 de la citada Llei, MARIA ROSA BLANCH SALESAS informa de les seg\u00fcents dades: El titular&hellip;&nbsp;Read More &raquo;Av\u00eds Legal","og_url":"https:\/\/cellersblanch.marketingpastor.es\/index.php\/avis-legal\/","og_site_name":"Cellers Blanch","article_modified_time":"2024-01-22T07:36:54+00:00","twitter_card":"summary_large_image","twitter_misc":{"Est. reading time":"3 minutes"},"schema":{"@context":"https:\/\/schema.org","@graph":[{"@type":"WebPage","@id":"https:\/\/cellersblanch.marketingpastor.es\/index.php\/avis-legal\/","url":"https:\/\/cellersblanch.marketingpastor.es\/index.php\/avis-legal\/","name":"Av\u00eds Legal - Cellers Blanch","isPartOf":{"@id":"https:\/\/cellersblanch.marketingpastor.es\/#website"},"datePublished":"2024-01-17T12:18:24+00:00","dateModified":"2024-01-22T07:36:54+00:00","breadcrumb":{"@id":"https:\/\/cellersblanch.marketingpastor.es\/index.php\/avis-legal\/#breadcrumb"},"inLanguage":"en-US","potentialAction":[{"@type":"ReadAction","target":["https:\/\/cellersblanch.marketingpastor.es\/index.php\/avis-legal\/"]}]},{"@type":"BreadcrumbList","@id":"https:\/\/cellersblanch.marketingpastor.es\/index.php\/avis-legal\/#breadcrumb","itemListElement":[{"@type":"ListItem","position":1,"name":"Portada","item":"https:\/\/cellersblanch.marketingpastor.es\/"},{"@type":"ListItem","position":2,"name":"Av\u00eds Legal"}]},{"@type":"WebSite","@id":"https:\/\/cellersblanch.marketingpastor.es\/#website","url":"https:\/\/cellersblanch.marketingpastor.es\/","name":"Cellers Blanch","description":"","publisher":{"@id":"https:\/\/cellersblanch.marketingpastor.es\/#organization"},"potentialAction":[{"@type":"SearchAction","target":{"@type":"EntryPoint","urlTemplate":"https:\/\/cellersblanch.marketingpastor.es\/?s={search_term_string}"},"query-input":"required name=search_term_string"}],"inLanguage":"en-US"},{"@type":"Organization","@id":"https:\/\/cellersblanch.marketingpastor.es\/#organization","name":"Cellers Blanch","url":"https:\/\/cellersblanch.marketingpastor.es\/","logo":{"@type":"ImageObject","inLanguage":"en-US","@id":"https:\/\/cellersblanch.marketingpastor.es\/#\/schema\/logo\/image\/","url":"","contentUrl":"","caption":"Cellers Blanch"},"image":{"@id":"https:\/\/cellersblanch.marketingpastor.es\/#\/schema\/logo\/image\/"}}]}},"jetpack_sharing_enabled":true,"uagb_featured_image_src":{"full":false,"thumbnail":false,"medium":false,"medium_large":false,"large":false,"1536x1536":false,"2048x2048":false,"neve-blog":false,"woocommerce_thumbnail":false,"woocommerce_single":false,"woocommerce_gallery_thumbnail":false},"uagb_author_info":{"display_name":"pastorpublicidad","author_link":"https:\/\/cellersblanch.marketingpastor.es\/index.php\/author\/pastorpublicidad\/"},"uagb_comment_info":0,"uagb_excerpt":"En compliment de la Llei 34\/2002, d&#8217;11 de juliol, de Serveis de la Societat de la Informaci\u00f3 i de Comer\u00e7 Electr\u00f2nic (LSSI-CE), MARIA ROSA BLANCH SALESAS informa que \u00e9s titular del lloc web https:\/\/cellersblanch.marketingpastor.es\/. D&#8217;acord amb l&#8217;exig\u00e8ncia de l&#8217;article 10 de la citada Llei, MARIA ROSA BLANCH SALESAS informa de les seg\u00fcents dades: El titular&hellip;&nbsp;Read&hellip;","_links":{"self":[{"href":"https:\/\/cellersblanch.marketingpastor.es\/index.php\/wp-json\/wp\/v2\/pages\/413"}],"collection":[{"href":"https:\/\/cellersblanch.marketingpastor.es\/index.php\/wp-json\/wp\/v2\/pages"}],"about":[{"href":"https:\/\/cellersblanch.marketingpastor.es\/index.php\/wp-json\/wp\/v2\/types\/page"}],"author":[{"embeddable":true,"href":"https:\/\/cellersblanch.marketingpastor.es\/index.php\/wp-json\/wp\/v2\/users\/1"}],"replies":[{"embeddable":true,"href":"https:\/\/cellersblanch.marketingpastor.es\/index.php\/wp-json\/wp\/v2\/comments?post=413"}],"version-history":[{"count":8,"href":"https:\/\/cellersblanch.marketingpastor.es\/index.php\/wp-json\/wp\/v2\/pages\/413\/revisions"}],"predecessor-version":[{"id":496,"href":"https:\/\/cellersblanch.marketingpastor.es\/index.php\/wp-json\/wp\/v2\/pages\/413\/revisions\/496"}],"wp:attachment":[{"href":"https:\/\/cellersblanch.marketingpastor.es\/index.php\/wp-json\/wp\/v2\/media?parent=413"}],"curies":[{"name":"wp","href":"https:\/\/api.w.org\/{rel}","templated":true}]}}